{"id":20768,"date":"2025-12-11T10:25:00","date_gmt":"2025-12-11T09:25:00","guid":{"rendered":"https:\/\/www.grupobali.com\/mentions-legales\/"},"modified":"2026-01-13T13:23:37","modified_gmt":"2026-01-13T12:23:37","slug":"mentions-legales","status":"publish","type":"page","link":"https:\/\/www.grupobali.com\/fr\/mentions-legales\/","title":{"rendered":"Mentions l\u00e9gales"},"content":{"rendered":"","protected":false},"excerpt":{"rendered":"","protected":false},"author":1,"featured_media":0,"parent":0,"menu_order":0,"comment_status":"closed","ping_status":"closed","template":"","meta":{"footnotes":""},"class_list":["post-20768","page","type-page","status-publish","hentry"],"yoast_head":"<!-- This site is optimized with the Yoast SEO plugin v26.8 - https:\/\/yoast.com\/product\/yoast-seo-wordpress\/ -->\n<title>Mentions l\u00e9gales | Groupe Bali - Site officiel<\/title>\n<meta name=\"description\" content=\"Mentions l\u00e9gales. Copyright. Politique de confidentialit\u00e9. Conditions d&#039;utilisation.\" \/>\n<meta name=\"robots\" content=\"index, follow, max-snippet:-1, max-image-preview:large, max-video-preview:-1\" \/>\n<link rel=\"canonical\" href=\"https:\/\/www.grupobali.com\/fr\/mentions-legales\/\" \/>\n<meta property=\"og:locale\" content=\"fr_FR\" \/>\n<meta property=\"og:type\" content=\"article\" \/>\n<meta property=\"og:title\" content=\"Mentions l\u00e9gales | Groupe Bali - Site officiel\" \/>\n<meta property=\"og:description\" content=\"Mentions l\u00e9gales. Copyright. Politique de confidentialit\u00e9. Conditions d&#039;utilisation.\" \/>\n<meta property=\"og:url\" content=\"https:\/\/www.grupobali.com\/fr\/mentions-legales\/\" \/>\n<meta property=\"og:site_name\" content=\"Grupo Bali\" \/>\n<meta property=\"article:publisher\" content=\"https:\/\/www.facebook.com\/granhotelbali\" \/>\n<meta property=\"article:modified_time\" content=\"2026-01-13T12:23:37+00:00\" \/>\n<meta name=\"twitter:card\" content=\"summary_large_image\" \/>\n<meta name=\"twitter:site\" content=\"@granhotelbali\" \/>\n<script type=\"application\/ld+json\" class=\"yoast-schema-graph\">{\"@context\":\"https:\/\/schema.org\",\"@graph\":[{\"@type\":\"WebPage\",\"@id\":\"https:\/\/www.grupobali.com\/fr\/mentions-legales\/\",\"url\":\"https:\/\/www.grupobali.com\/fr\/mentions-legales\/\",\"name\":\"Mentions l\u00e9gales | Groupe Bali - Site officiel\",\"isPartOf\":{\"@id\":\"https:\/\/www.grupobali.com\/fr\/#website\"},\"datePublished\":\"2025-12-11T09:25:00+00:00\",\"dateModified\":\"2026-01-13T12:23:37+00:00\",\"description\":\"Mentions l\u00e9gales. Copyright. Politique de confidentialit\u00e9. Conditions d'utilisation.\",\"breadcrumb\":{\"@id\":\"https:\/\/www.grupobali.com\/fr\/mentions-legales\/#breadcrumb\"},\"inLanguage\":\"fr-FR\",\"potentialAction\":[{\"@type\":\"ReadAction\",\"target\":[\"https:\/\/www.grupobali.com\/fr\/mentions-legales\/\"]}]},{\"@type\":\"BreadcrumbList\",\"@id\":\"https:\/\/www.grupobali.com\/fr\/mentions-legales\/#breadcrumb\",\"itemListElement\":[{\"@type\":\"ListItem\",\"position\":1,\"name\":\"Portada\",\"item\":\"https:\/\/www.grupobali.com\/fr\/\"},{\"@type\":\"ListItem\",\"position\":2,\"name\":\"Mentions l\u00e9gales\"}]},{\"@type\":\"WebSite\",\"@id\":\"https:\/\/www.grupobali.com\/fr\/#website\",\"url\":\"https:\/\/www.grupobali.com\/fr\/\",\"name\":\"Grupo Bali\",\"description\":\"\",\"publisher\":{\"@id\":\"https:\/\/www.grupobali.com\/fr\/#organization\"},\"potentialAction\":[{\"@type\":\"SearchAction\",\"target\":{\"@type\":\"EntryPoint\",\"urlTemplate\":\"https:\/\/www.grupobali.com\/fr\/?s={search_term_string}\"},\"query-input\":{\"@type\":\"PropertyValueSpecification\",\"valueRequired\":true,\"valueName\":\"search_term_string\"}}],\"inLanguage\":\"fr-FR\"},{\"@type\":\"Organization\",\"@id\":\"https:\/\/www.grupobali.com\/fr\/#organization\",\"name\":\"Grupo Bali\",\"url\":\"https:\/\/www.grupobali.com\/fr\/\",\"logo\":{\"@type\":\"ImageObject\",\"inLanguage\":\"fr-FR\",\"@id\":\"https:\/\/www.grupobali.com\/fr\/#\/schema\/logo\/image\/\",\"url\":\"https:\/\/www.grupobali.com\/wp-content\/uploads\/2025\/06\/logo-azul.png\",\"contentUrl\":\"https:\/\/www.grupobali.com\/wp-content\/uploads\/2025\/06\/logo-azul.png\",\"width\":144,\"height\":65,\"caption\":\"Grupo Bali\"},\"image\":{\"@id\":\"https:\/\/www.grupobali.com\/fr\/#\/schema\/logo\/image\/\"},\"sameAs\":[\"https:\/\/www.facebook.com\/granhotelbali\",\"https:\/\/x.com\/granhotelbali\",\"https:\/\/www.youtube.com\/channel\/UC93u51w-VW12wRIWPMlIKHA\"]}]}<\/script>\n<!-- \/ Yoast SEO plugin. -->","yoast_head_json":{"title":"Mentions l\u00e9gales | Groupe Bali - Site officiel","description":"Mentions l\u00e9gales. Copyright. Politique de confidentialit\u00e9. Conditions d'utilisation.","robots":{"index":"index","follow":"follow","max-snippet":"max-snippet:-1","max-image-preview":"max-image-preview:large","max-video-preview":"max-video-preview:-1"},"canonical":"https:\/\/www.grupobali.com\/fr\/mentions-legales\/","og_locale":"fr_FR","og_type":"article","og_title":"Mentions l\u00e9gales | Groupe Bali - Site officiel","og_description":"Mentions l\u00e9gales. Copyright. Politique de confidentialit\u00e9. Conditions d'utilisation.","og_url":"https:\/\/www.grupobali.com\/fr\/mentions-legales\/","og_site_name":"Grupo Bali","article_publisher":"https:\/\/www.facebook.com\/granhotelbali","article_modified_time":"2026-01-13T12:23:37+00:00","twitter_card":"summary_large_image","twitter_site":"@granhotelbali","schema":{"@context":"https:\/\/schema.org","@graph":[{"@type":"WebPage","@id":"https:\/\/www.grupobali.com\/fr\/mentions-legales\/","url":"https:\/\/www.grupobali.com\/fr\/mentions-legales\/","name":"Mentions l\u00e9gales | Groupe Bali - Site officiel","isPartOf":{"@id":"https:\/\/www.grupobali.com\/fr\/#website"},"datePublished":"2025-12-11T09:25:00+00:00","dateModified":"2026-01-13T12:23:37+00:00","description":"Mentions l\u00e9gales. Copyright. Politique de confidentialit\u00e9. Conditions d'utilisation.","breadcrumb":{"@id":"https:\/\/www.grupobali.com\/fr\/mentions-legales\/#breadcrumb"},"inLanguage":"fr-FR","potentialAction":[{"@type":"ReadAction","target":["https:\/\/www.grupobali.com\/fr\/mentions-legales\/"]}]},{"@type":"BreadcrumbList","@id":"https:\/\/www.grupobali.com\/fr\/mentions-legales\/#breadcrumb","itemListElement":[{"@type":"ListItem","position":1,"name":"Portada","item":"https:\/\/www.grupobali.com\/fr\/"},{"@type":"ListItem","position":2,"name":"Mentions l\u00e9gales"}]},{"@type":"WebSite","@id":"https:\/\/www.grupobali.com\/fr\/#website","url":"https:\/\/www.grupobali.com\/fr\/","name":"Grupo Bali","description":"","publisher":{"@id":"https:\/\/www.grupobali.com\/fr\/#organization"},"potentialAction":[{"@type":"SearchAction","target":{"@type":"EntryPoint","urlTemplate":"https:\/\/www.grupobali.com\/fr\/?s={search_term_string}"},"query-input":{"@type":"PropertyValueSpecification","valueRequired":true,"valueName":"search_term_string"}}],"inLanguage":"fr-FR"},{"@type":"Organization","@id":"https:\/\/www.grupobali.com\/fr\/#organization","name":"Grupo Bali","url":"https:\/\/www.grupobali.com\/fr\/","logo":{"@type":"ImageObject","inLanguage":"fr-FR","@id":"https:\/\/www.grupobali.com\/fr\/#\/schema\/logo\/image\/","url":"https:\/\/www.grupobali.com\/wp-content\/uploads\/2025\/06\/logo-azul.png","contentUrl":"https:\/\/www.grupobali.com\/wp-content\/uploads\/2025\/06\/logo-azul.png","width":144,"height":65,"caption":"Grupo Bali"},"image":{"@id":"https:\/\/www.grupobali.com\/fr\/#\/schema\/logo\/image\/"},"sameAs":["https:\/\/www.facebook.com\/granhotelbali","https:\/\/x.com\/granhotelbali","https:\/\/www.youtube.com\/channel\/UC93u51w-VW12wRIWPMlIKHA"]}]}},"_links":{"self":[{"href":"https:\/\/www.grupobali.com\/fr\/wp-json\/wp\/v2\/pages\/20768","targetHints":{"allow":["GET"]}}],"collection":[{"href":"https:\/\/www.grupobali.com\/fr\/wp-json\/wp\/v2\/pages"}],"about":[{"href":"https:\/\/www.grupobali.com\/fr\/wp-json\/wp\/v2\/types\/page"}],"author":[{"embeddable":true,"href":"https:\/\/www.grupobali.com\/fr\/wp-json\/wp\/v2\/users\/1"}],"replies":[{"embeddable":true,"href":"https:\/\/www.grupobali.com\/fr\/wp-json\/wp\/v2\/comments?post=20768"}],"version-history":[{"count":1,"href":"https:\/\/www.grupobali.com\/fr\/wp-json\/wp\/v2\/pages\/20768\/revisions"}],"predecessor-version":[{"id":21090,"href":"https:\/\/www.grupobali.com\/fr\/wp-json\/wp\/v2\/pages\/20768\/revisions\/21090"}],"wp:attachment":[{"href":"https:\/\/www.grupobali.com\/fr\/wp-json\/wp\/v2\/media?parent=20768"}],"curies":[{"name":"wp","href":"https:\/\/api.w.org\/{rel}","templated":true}]}}